{"id":550,"date":"2023-01-30T06:18:37","date_gmt":"2023-01-30T06:18:37","guid":{"rendered":"https:\/\/watercolor.lt\/?post_type=product&#038;p=550"},"modified":"2024-07-24T06:57:44","modified_gmt":"2024-07-24T06:57:44","slug":"vanduo-akvarele-2013-2020","status":"publish","type":"product","link":"https:\/\/watercolor.lt\/index.php\/product\/vanduo-akvarele-2013-2020\/","title":{"rendered":"Vanduo akvarel\u0117 2013-2020"},"content":{"rendered":"<p><img loading=\"lazy\" decoding=\"async\" class=\"alignnone size-medium wp-image-543\" src=\"https:\/\/watercolor.lt\/wp-content\/uploads\/2023\/01\/0-1-300x125.jpg\" alt=\"\" width=\"300\" height=\"125\" srcset=\"https:\/\/watercolor.lt\/wp-content\/uploads\/2023\/01\/0-1-300x125.jpg 300w, https:\/\/watercolor.lt\/wp-content\/uploads\/2023\/01\/0-1-1024x428.jpg 1024w, https:\/\/watercolor.lt\/wp-content\/uploads\/2023\/01\/0-1-768x321.jpg 768w, https:\/\/watercolor.lt\/wp-content\/uploads\/2023\/01\/0-1-1536x642.jpg 1536w, https:\/\/watercolor.lt\/wp-content\/uploads\/2023\/01\/0-1-2048x857.jpg 2048w, https:\/\/watercolor.lt\/wp-content\/uploads\/2023\/01\/0-1-1320x552.jpg 1320w, https:\/\/watercolor.lt\/wp-content\/uploads\/2023\/01\/0-1-416x174.jpg 416w\" sizes=\"(max-width: 300px) 100vw, 300px\" \/><img loading=\"lazy\" decoding=\"async\" class=\"alignnone size-medium wp-image-544\" src=\"https:\/\/watercolor.lt\/wp-content\/uploads\/2023\/01\/0-2-300x125.jpg\" alt=\"\" width=\"300\" height=\"125\" srcset=\"https:\/\/watercolor.lt\/wp-content\/uploads\/2023\/01\/0-2-300x125.jpg 300w, https:\/\/watercolor.lt\/wp-content\/uploads\/2023\/01\/0-2-1024x428.jpg 1024w, https:\/\/watercolor.lt\/wp-content\/uploads\/2023\/01\/0-2-768x321.jpg 768w, https:\/\/watercolor.lt\/wp-content\/uploads\/2023\/01\/0-2-1536x642.jpg 1536w, https:\/\/watercolor.lt\/wp-content\/uploads\/2023\/01\/0-2-2048x857.jpg 2048w, https:\/\/watercolor.lt\/wp-content\/uploads\/2023\/01\/0-2-1320x552.jpg 1320w, https:\/\/watercolor.lt\/wp-content\/uploads\/2023\/01\/0-2-416x174.jpg 416w\" sizes=\"(max-width: 300px) 100vw, 300px\" \/><img loading=\"lazy\" decoding=\"async\" class=\"alignnone size-medium wp-image-545\" src=\"https:\/\/watercolor.lt\/wp-content\/uploads\/2023\/01\/0-3-300x125.jpg\" alt=\"\" width=\"300\" height=\"125\" srcset=\"https:\/\/watercolor.lt\/wp-content\/uploads\/2023\/01\/0-3-300x125.jpg 300w, https:\/\/watercolor.lt\/wp-content\/uploads\/2023\/01\/0-3-1024x428.jpg 1024w, https:\/\/watercolor.lt\/wp-content\/uploads\/2023\/01\/0-3-768x321.jpg 768w, https:\/\/watercolor.lt\/wp-content\/uploads\/2023\/01\/0-3-1536x642.jpg 1536w, https:\/\/watercolor.lt\/wp-content\/uploads\/2023\/01\/0-3-2048x857.jpg 2048w, https:\/\/watercolor.lt\/wp-content\/uploads\/2023\/01\/0-3-1320x552.jpg 1320w, https:\/\/watercolor.lt\/wp-content\/uploads\/2023\/01\/0-3-416x174.jpg 416w\" sizes=\"(max-width: 300px) 100vw, 300px\" \/><img loading=\"lazy\" decoding=\"async\" class=\"alignnone size-medium wp-image-546\" src=\"https:\/\/watercolor.lt\/wp-content\/uploads\/2023\/01\/0-4-300x125.jpg\" alt=\"\" width=\"300\" height=\"125\" srcset=\"https:\/\/watercolor.lt\/wp-content\/uploads\/2023\/01\/0-4-300x125.jpg 300w, https:\/\/watercolor.lt\/wp-content\/uploads\/2023\/01\/0-4-1024x428.jpg 1024w, https:\/\/watercolor.lt\/wp-content\/uploads\/2023\/01\/0-4-768x321.jpg 768w, https:\/\/watercolor.lt\/wp-content\/uploads\/2023\/01\/0-4-1536x642.jpg 1536w, https:\/\/watercolor.lt\/wp-content\/uploads\/2023\/01\/0-4-2048x857.jpg 2048w, https:\/\/watercolor.lt\/wp-content\/uploads\/2023\/01\/0-4-1320x552.jpg 1320w, https:\/\/watercolor.lt\/wp-content\/uploads\/2023\/01\/0-4-416x174.jpg 416w\" sizes=\"(max-width: 300px) 100vw, 300px\" \/><img loading=\"lazy\" decoding=\"async\" class=\"alignnone size-medium wp-image-547\" src=\"https:\/\/watercolor.lt\/wp-content\/uploads\/2023\/01\/0-5-300x125.jpg\" alt=\"\" width=\"300\" height=\"125\" srcset=\"https:\/\/watercolor.lt\/wp-content\/uploads\/2023\/01\/0-5-300x125.jpg 300w, https:\/\/watercolor.lt\/wp-content\/uploads\/2023\/01\/0-5-1024x428.jpg 1024w, https:\/\/watercolor.lt\/wp-content\/uploads\/2023\/01\/0-5-768x321.jpg 768w, https:\/\/watercolor.lt\/wp-content\/uploads\/2023\/01\/0-5-1536x642.jpg 1536w, https:\/\/watercolor.lt\/wp-content\/uploads\/2023\/01\/0-5-2048x857.jpg 2048w, https:\/\/watercolor.lt\/wp-content\/uploads\/2023\/01\/0-5-1320x552.jpg 1320w, https:\/\/watercolor.lt\/wp-content\/uploads\/2023\/01\/0-5-416x174.jpg 416w\" sizes=\"(max-width: 300px) 100vw, 300px\" \/><img loading=\"lazy\" decoding=\"async\" class=\"alignnone size-medium wp-image-548\" src=\"https:\/\/watercolor.lt\/wp-content\/uploads\/2023\/01\/0-6-300x125.jpg\" alt=\"\" width=\"300\" height=\"125\" srcset=\"https:\/\/watercolor.lt\/wp-content\/uploads\/2023\/01\/0-6-300x125.jpg 300w, https:\/\/watercolor.lt\/wp-content\/uploads\/2023\/01\/0-6-1024x428.jpg 1024w, https:\/\/watercolor.lt\/wp-content\/uploads\/2023\/01\/0-6-768x321.jpg 768w, https:\/\/watercolor.lt\/wp-content\/uploads\/2023\/01\/0-6-1536x642.jpg 1536w, https:\/\/watercolor.lt\/wp-content\/uploads\/2023\/01\/0-6-2048x857.jpg 2048w, https:\/\/watercolor.lt\/wp-content\/uploads\/2023\/01\/0-6-1320x552.jpg 1320w, https:\/\/watercolor.lt\/wp-content\/uploads\/2023\/01\/0-6-416x174.jpg 416w\" sizes=\"(max-width: 300px) 100vw, 300px\" \/><img loading=\"lazy\" decoding=\"async\" class=\"alignnone size-medium wp-image-549\" src=\"https:\/\/watercolor.lt\/wp-content\/uploads\/2023\/01\/0-8-300x125.jpg\" alt=\"\" width=\"300\" height=\"125\" srcset=\"https:\/\/watercolor.lt\/wp-content\/uploads\/2023\/01\/0-8-300x125.jpg 300w, https:\/\/watercolor.lt\/wp-content\/uploads\/2023\/01\/0-8-1024x428.jpg 1024w, https:\/\/watercolor.lt\/wp-content\/uploads\/2023\/01\/0-8-768x321.jpg 768w, https:\/\/watercolor.lt\/wp-content\/uploads\/2023\/01\/0-8-1536x642.jpg 1536w, https:\/\/watercolor.lt\/wp-content\/uploads\/2023\/01\/0-8-2048x857.jpg 2048w, https:\/\/watercolor.lt\/wp-content\/uploads\/2023\/01\/0-8-1320x552.jpg 1320w, https:\/\/watercolor.lt\/wp-content\/uploads\/2023\/01\/0-8-416x174.jpg 416w\" sizes=\"(max-width: 300px) 100vw, 300px\" \/><\/p>\n","protected":false},"excerpt":{"rendered":"<p>Vandens akvareli\u0173 istorija mano k\u016bryboje 2013-2020 m.<\/p>\n<p>Auk\u0161tos kokyb\u0117s spauda, kieti vir\u0161eliai, 136 psl.<\/p>\n<p>Yra lietuvi\u0173 ir angl\u0173 kalbomis.<\/p>\n","protected":false},"featured_media":542,"template":"","meta":[],"product_cat":[58],"product_tag":[],"_links":{"self":[{"href":"https:\/\/watercolor.lt\/index.php\/wp-json\/wp\/v2\/product\/550"}],"collection":[{"href":"https:\/\/watercolor.lt\/index.php\/wp-json\/wp\/v2\/product"}],"about":[{"href":"https:\/\/watercolor.lt\/index.php\/wp-json\/wp\/v2\/types\/product"}],"wp:featuredmedia":[{"embeddable":true,"href":"https:\/\/watercolor.lt\/index.php\/wp-json\/wp\/v2\/media\/542"}],"wp:attachment":[{"href":"https:\/\/watercolor.lt\/index.php\/wp-json\/wp\/v2\/media?parent=550"}],"wp:term":[{"taxonomy":"product_cat","embeddable":true,"href":"https:\/\/watercolor.lt\/index.php\/wp-json\/wp\/v2\/product_cat?post=550"},{"taxonomy":"product_tag","embeddable":true,"href":"https:\/\/watercolor.lt\/index.php\/wp-json\/wp\/v2\/product_tag?post=550"}],"curies":[{"name":"wp","href":"https:\/\/api.w.org\/{rel}","templated":true}]}}