{"id":1092,"date":"2023-12-04T16:31:17","date_gmt":"2023-12-04T16:31:17","guid":{"rendered":"https:\/\/watercolor.lt\/?post_type=product&#038;p=1092"},"modified":"2024-01-15T07:41:39","modified_gmt":"2024-01-15T07:41:39","slug":"kvietimas-i-akvareles-pamoka","status":"publish","type":"product","link":"https:\/\/watercolor.lt\/index.php\/product\/kvietimas-i-akvareles-pamoka\/","title":{"rendered":"Kvietimas \u012f akvarel\u0117s pamok\u0105"},"content":{"rendered":"<p><img loading=\"lazy\" decoding=\"async\" class=\"alignnone size-medium wp-image-1093\" src=\"https:\/\/watercolor.lt\/wp-content\/uploads\/2023\/12\/2023-07-11-kvietimas-i-pamoka-300x212.jpg\" alt=\"\" width=\"300\" height=\"212\" srcset=\"https:\/\/watercolor.lt\/wp-content\/uploads\/2023\/12\/2023-07-11-kvietimas-i-pamoka-300x212.jpg 300w, https:\/\/watercolor.lt\/wp-content\/uploads\/2023\/12\/2023-07-11-kvietimas-i-pamoka-1024x724.jpg 1024w, https:\/\/watercolor.lt\/wp-content\/uploads\/2023\/12\/2023-07-11-kvietimas-i-pamoka-768x543.jpg 768w, https:\/\/watercolor.lt\/wp-content\/uploads\/2023\/12\/2023-07-11-kvietimas-i-pamoka-1536x1086.jpg 1536w, https:\/\/watercolor.lt\/wp-content\/uploads\/2023\/12\/2023-07-11-kvietimas-i-pamoka-2048x1448.jpg 2048w, https:\/\/watercolor.lt\/wp-content\/uploads\/2023\/12\/2023-07-11-kvietimas-i-pamoka-416x294.jpg 416w\" sizes=\"(max-width: 300px) 100vw, 300px\" \/><img loading=\"lazy\" decoding=\"async\" class=\"alignnone size-medium wp-image-1098\" src=\"https:\/\/watercolor.lt\/wp-content\/uploads\/2023\/12\/IMG_0608-300x215.jpeg\" alt=\"\" width=\"300\" height=\"215\" srcset=\"https:\/\/watercolor.lt\/wp-content\/uploads\/2023\/12\/IMG_0608-300x215.jpeg 300w, https:\/\/watercolor.lt\/wp-content\/uploads\/2023\/12\/IMG_0608-1024x733.jpeg 1024w, https:\/\/watercolor.lt\/wp-content\/uploads\/2023\/12\/IMG_0608-768x550.jpeg 768w, https:\/\/watercolor.lt\/wp-content\/uploads\/2023\/12\/IMG_0608-1536x1100.jpeg 1536w, https:\/\/watercolor.lt\/wp-content\/uploads\/2023\/12\/IMG_0608-2048x1466.jpeg 2048w, https:\/\/watercolor.lt\/wp-content\/uploads\/2023\/12\/IMG_0608-416x298.jpeg 416w\" sizes=\"(max-width: 300px) 100vw, 300px\" \/>Kvietimas \u012f individuali\u0105 II valand\u0173 akvarel\u0117s pamok\u0105 pas akvarelist\u0119 Egl\u0119 Lipeikait\u0119.<\/p>\n<p>Pamokos vyksta Vilniuje.<\/p>\n<p>Kvietimas galioja 6 m\u0117nesius.<\/p>\n","protected":false},"excerpt":{"rendered":"<p>Kvietimas \u012f individuali\u0105 II valand\u0173 akvarel\u0117s pamok\u0105 pas akvarelist\u0119 Egl\u0119 Lipeikait\u0119. Pamokos vyksta Vilniuje. Kvietimas galioja 6 m\u0117nesius.<\/p>\n","protected":false},"featured_media":1094,"template":"","meta":[],"product_cat":[69],"product_tag":[],"_links":{"self":[{"href":"https:\/\/watercolor.lt\/index.php\/wp-json\/wp\/v2\/product\/1092"}],"collection":[{"href":"https:\/\/watercolor.lt\/index.php\/wp-json\/wp\/v2\/product"}],"about":[{"href":"https:\/\/watercolor.lt\/index.php\/wp-json\/wp\/v2\/types\/product"}],"wp:featuredmedia":[{"embeddable":true,"href":"https:\/\/watercolor.lt\/index.php\/wp-json\/wp\/v2\/media\/1094"}],"wp:attachment":[{"href":"https:\/\/watercolor.lt\/index.php\/wp-json\/wp\/v2\/media?parent=1092"}],"wp:term":[{"taxonomy":"product_cat","embeddable":true,"href":"https:\/\/watercolor.lt\/index.php\/wp-json\/wp\/v2\/product_cat?post=1092"},{"taxonomy":"product_tag","embeddable":true,"href":"https:\/\/watercolor.lt\/index.php\/wp-json\/wp\/v2\/product_tag?post=1092"}],"curies":[{"name":"wp","href":"https:\/\/api.w.org\/{rel}","templated":true}]}}