{"id":996,"date":"2023-09-07T07:34:24","date_gmt":"2023-09-07T07:34:24","guid":{"rendered":"https:\/\/watercolor.lt\/?page_id=996"},"modified":"2023-11-19T09:50:51","modified_gmt":"2023-11-19T09:50:51","slug":"online-lessons","status":"publish","type":"page","link":"https:\/\/watercolor.lt\/index.php\/online-lessons\/","title":{"rendered":"Online lessons"},"content":{"rendered":"\n<div class=\"woocommerce columns-3 \"><ul class=\"products columns-3\">\n<li class=\"product type-product post-1042 status-publish first instock product_cat-ii-lygis product_cat-lt product_cat-online-lessons product_cat-vanduo has-post-thumbnail taxable shipping-taxable purchasable product-type-simple\">\n\t<a href=\"https:\/\/watercolor.lt\/index.php\/product\/1-vandens-temos-akvareles-pamoka-upelis-lietuje-ii-lygis\/\" class=\"woocommerce-LoopProduct-link woocommerce-loop-product__link\"><img loading=\"lazy\" decoding=\"async\" width=\"324\" height=\"324\" src=\"https:\/\/watercolor.lt\/wp-content\/uploads\/2023\/11\/IMG_3768-324x324.jpg\" class=\"attachment-woocommerce_thumbnail size-woocommerce_thumbnail\" alt=\"\" srcset=\"https:\/\/watercolor.lt\/wp-content\/uploads\/2023\/11\/IMG_3768-324x324.jpg 324w, https:\/\/watercolor.lt\/wp-content\/uploads\/2023\/11\/IMG_3768-150x150.jpg 150w, https:\/\/watercolor.lt\/wp-content\/uploads\/2023\/11\/IMG_3768-100x100.jpg 100w\" sizes=\"(max-width: 324px) 100vw, 324px\" \/><h2 class=\"woocommerce-loop-product__title\">1 Vandens temos akvarel\u0117s pamoka Upelis lietuje. II Lygis<\/h2>\n\t<span class=\"price\"><span class=\"woocommerce-Price-amount amount\"><bdi>40,00&nbsp;<span class=\"woocommerce-Price-currencySymbol\">&euro;<\/span><\/bdi><\/span><\/span>\n<\/a><a href=\"?add-to-cart=1042\" data-quantity=\"1\" class=\"button product_type_simple add_to_cart_button ajax_add_to_cart\" data-product_id=\"1042\" data-product_sku=\"\" aria-label=\"Add to cart: &ldquo;1 Vandens temos akvarel\u0117s pamoka Upelis lietuje. II Lygis&rdquo;\" aria-describedby=\"\" rel=\"nofollow\">Add to cart<\/a><\/li>\n<li class=\"product type-product post-1040 status-publish instock product_cat-ii-lygis product_cat-lt product_cat-online-lessons product_cat-vanduo has-post-thumbnail taxable shipping-taxable purchasable product-type-simple\">\n\t<a href=\"https:\/\/watercolor.lt\/index.php\/product\/12-os-nuotoliniu-akvareles-pamoku-ciklas-vanduo-vidurinis-lygis\/\" class=\"woocommerce-LoopProduct-link woocommerce-loop-product__link\"><img loading=\"lazy\" decoding=\"async\" width=\"324\" height=\"324\" src=\"https:\/\/watercolor.lt\/wp-content\/uploads\/2023\/11\/377408652_7068913536451958_6639528591074236214_n-324x324.jpg\" class=\"attachment-woocommerce_thumbnail size-woocommerce_thumbnail\" alt=\"\" srcset=\"https:\/\/watercolor.lt\/wp-content\/uploads\/2023\/11\/377408652_7068913536451958_6639528591074236214_n-324x324.jpg 324w, https:\/\/watercolor.lt\/wp-content\/uploads\/2023\/11\/377408652_7068913536451958_6639528591074236214_n-150x150.jpg 150w, https:\/\/watercolor.lt\/wp-content\/uploads\/2023\/11\/377408652_7068913536451958_6639528591074236214_n-100x100.jpg 100w\" sizes=\"(max-width: 324px) 100vw, 324px\" \/><h2 class=\"woocommerce-loop-product__title\">12-os nuotolini\u0173 akvarel\u0117s pamok\u0173 ciklas \u201eVanduo\u201c. Vidurinis lygis<\/h2>\n\t<span class=\"price\"><span class=\"woocommerce-Price-amount amount\"><bdi>360,00&nbsp;<span class=\"woocommerce-Price-currencySymbol\">&euro;<\/span><\/bdi><\/span><\/span>\n<\/a><a href=\"?add-to-cart=1040\" data-quantity=\"1\" class=\"button product_type_simple add_to_cart_button ajax_add_to_cart\" data-product_id=\"1040\" data-product_sku=\"\" aria-label=\"Add to cart: &ldquo;12-os nuotolini\u0173 akvarel\u0117s pamok\u0173 ciklas \u201eVanduo\u201c. Vidurinis lygis&rdquo;\" aria-describedby=\"\" rel=\"nofollow\">Add to cart<\/a><\/li>\n<\/ul>\n<\/div>\n","protected":false},"excerpt":{"rendered":"","protected":false},"author":2,"featured_media":0,"parent":0,"menu_order":0,"comment_status":"closed","ping_status":"closed","template":"template-homepage.php","meta":{"footnotes":""},"_links":{"self":[{"href":"https:\/\/watercolor.lt\/index.php\/wp-json\/wp\/v2\/pages\/996"}],"collection":[{"href":"https:\/\/watercolor.lt\/index.php\/wp-json\/wp\/v2\/pages"}],"about":[{"href":"https:\/\/watercolor.lt\/index.php\/wp-json\/wp\/v2\/types\/page"}],"author":[{"embeddable":true,"href":"https:\/\/watercolor.lt\/index.php\/wp-json\/wp\/v2\/users\/2"}],"replies":[{"embeddable":true,"href":"https:\/\/watercolor.lt\/index.php\/wp-json\/wp\/v2\/comments?post=996"}],"version-history":[{"count":2,"href":"https:\/\/watercolor.lt\/index.php\/wp-json\/wp\/v2\/pages\/996\/revisions"}],"predecessor-version":[{"id":1023,"href":"https:\/\/watercolor.lt\/index.php\/wp-json\/wp\/v2\/pages\/996\/revisions\/1023"}],"wp:attachment":[{"href":"https:\/\/watercolor.lt\/index.php\/wp-json\/wp\/v2\/media?parent=996"}],"curies":[{"name":"wp","href":"https:\/\/api.w.org\/{rel}","templated":true}]}}